{"id":1747,"date":"2026-01-30T20:05:34","date_gmt":"2026-01-30T20:05:34","guid":{"rendered":"https:\/\/floristayohany.com\/?post_type=product&#038;p=1747"},"modified":"2026-01-30T21:46:47","modified_gmt":"2026-01-30T21:46:47","slug":"buque-com-100-pe-de-rosas","status":"publish","type":"product","link":"https:\/\/floristayohany.com\/pt_br\/product\/buque-com-100-pe-de-rosas\/","title":{"rendered":"Buqu\u00ea com 100 p\u00e9 de rosas"},"content":{"rendered":"<p data-start=\"99\" data-end=\"417\"><strong data-start=\"99\" data-end=\"138\">Buqu\u00ea com 100 p\u00e9s de rosas naturais<\/strong>, cuidadosamente selecionadas e organizadas para criar um arranjo exuberante, elegante e de grande impacto visual. Cada rosa \u00e9 escolhida pela sua qualidade, frescor e beleza, garantindo um buqu\u00ea volumoso e sofisticado que transmite amor, romantismo e admira\u00e7\u00e3o em cada detalhe.<\/p>\n<p data-start=\"424\" data-end=\"636\">Este buqu\u00ea \u00e9 perfeito para ocasi\u00f5es especiais como anivers\u00e1rios, pedidos de namoro ou casamento, datas rom\u00e2nticas, celebra\u00e7\u00f5es importantes ou simplesmente para surpreender algu\u00e9m especial de forma inesquec\u00edvel.<\/p>\n<p data-start=\"643\" data-end=\"813\">Com acabamento profissional e apresenta\u00e7\u00e3o impec\u00e1vel, o buqu\u00ea com 100 rosas simboliza intensidade, carinho e grandiosidade, tornando qualquer momento ainda mais marcante.<\/p>","protected":false},"excerpt":{"rendered":"<p>Buqu\u00ea com 100 p\u00e9s de rosas naturais, cuidadosamente selecionadas e organizadas para criar um arranjo exuberante, elegante e de grande [&hellip;]<\/p>","protected":false},"featured_media":1521,"comment_status":"open","ping_status":"closed","template":"","meta":{"site-sidebar-layout":"default","site-content-layout":"","ast-site-content-layout":"default","site-content-style":"default","site-sidebar-style":"default","ast-global-header-display":"","ast-banner-title-visibility":"","ast-main-header-display":"","ast-hfb-above-header-display":"","ast-hfb-below-header-display":"","ast-hfb-mobile-header-display":"","site-post-title":"","ast-breadcrumbs-content":"","ast-featured-img":"","footer-sml-layout":"","ast-disable-related-posts":"","theme-transparent-header-meta":"default","adv-header-id-meta":"","stick-header-meta":"","header-above-stick-meta":"","header-main-stick-meta":"","header-below-stick-meta":"","astra-migrate-meta-layouts":"set","ast-page-background-enabled":"default","ast-page-background-meta":{"desktop":{"background-color":"var(--ast-global-color-5)","background-image":"","background-repeat":"repeat","background-position":"center center","background-size":"auto","background-attachment":"scroll","background-type":"","background-media":"","overlay-type":"","overlay-color":"","overlay-opacity":"","overlay-gradient":""},"tablet":{"background-color":"","background-image":"","background-repeat":"repeat","background-position":"center center","background-size":"auto","background-attachment":"scroll","background-type":"","background-media":"","overlay-type":"","overlay-color":"","overlay-opacity":"","overlay-gradient":""},"mobile":{"background-color":"","background-image":"","background-repeat":"repeat","background-position":"center center","background-size":"auto","background-attachment":"scroll","background-type":"","background-media":"","overlay-type":"","overlay-color":"","overlay-opacity":"","overlay-gradient":""}},"ast-content-background-meta":{"desktop":{"background-color":"var(--ast-global-color-4)","background-image":"","background-repeat":"repeat","background-position":"center center","background-size":"auto","background-attachment":"scroll","background-type":"","background-media":"","overlay-type":"","overlay-color":"","overlay-opacity":"","overlay-gradient":""},"tablet":{"background-color":"var(--ast-global-color-4)","background-image":"","background-repeat":"repeat","background-position":"center center","background-size":"auto","background-attachment":"scroll","background-type":"","background-media":"","overlay-type":"","overlay-color":"","overlay-opacity":"","overlay-gradient":""},"mobile":{"background-color":"var(--ast-global-color-4)","background-image":"","background-repeat":"repeat","background-position":"center center","background-size":"auto","background-attachment":"scroll","background-type":"","background-media":"","overlay-type":"","overlay-color":"","overlay-opacity":"","overlay-gradient":""}}},"product_brand":[],"product_cat":[33],"product_tag":[],"class_list":{"0":"post-1747","1":"product","2":"type-product","3":"status-publish","4":"has-post-thumbnail","6":"product_cat-buque","7":"desktop-align-left","8":"tablet-align-left","9":"mobile-align-left","11":"first","12":"instock","13":"shipping-taxable","14":"purchasable","15":"product-type-simple"},"yoast_head":"<!-- This site is optimized with the Yoast SEO plugin v26.9 - https:\/\/yoast.com\/product\/yoast-seo-wordpress\/ -->\n<title>Buqu\u00ea com 100 p\u00e9 de rosas<\/title>\n<meta name=\"description\" content=\"Buqu\u00ea com 100 p\u00e9s de rosas naturais, cuidadosamente selecionadas e organizadas para criar um arranjo exuberante, elegante e de grande impacto visual.\" \/>\n<meta name=\"robots\" content=\"index, follow, max-snippet:-1, max-image-preview:large, max-video-preview:-1\" \/>\n<link rel=\"canonical\" href=\"https:\/\/floristayohany.com\/pt_br\/product\/buque-com-100-pe-de-rosas\/\" \/>\n<meta property=\"og:locale\" content=\"pt_BR\" \/>\n<meta property=\"og:type\" content=\"article\" \/>\n<meta property=\"og:title\" content=\"Buqu\u00ea com 100 p\u00e9 de rosas\" \/>\n<meta property=\"og:description\" content=\"Buqu\u00ea com 100 p\u00e9s de rosas naturais, cuidadosamente selecionadas e organizadas para criar um arranjo exuberante, elegante e de grande impacto visual.\" \/>\n<meta property=\"og:url\" content=\"https:\/\/floristayohany.com\/pt_br\/product\/buque-com-100-pe-de-rosas\/\" \/>\n<meta property=\"og:site_name\" content=\"Loja Florista Yohany\" \/>\n<meta property=\"article:publisher\" content=\"https:\/\/www.facebook.com\/share\/17sqa7yCKc\/\" \/>\n<meta property=\"article:modified_time\" content=\"2026-01-30T21:46:47+00:00\" \/>\n<meta property=\"og:image\" content=\"https:\/\/floristayohany.com\/wp-content\/uploads\/2026\/01\/boque-rosa-vermelhas-01.png\" \/>\n\t<meta property=\"og:image:width\" content=\"400\" \/>\n\t<meta property=\"og:image:height\" content=\"400\" \/>\n\t<meta property=\"og:image:type\" content=\"image\/png\" \/>\n<meta name=\"twitter:card\" content=\"summary_large_image\" \/>\n<meta name=\"twitter:label1\" content=\"Est. tempo de leitura\" \/>\n\t<meta name=\"twitter:data1\" content=\"1 minuto\" \/>\n<script type=\"application\/ld+json\" class=\"yoast-schema-graph\">{\"@context\":\"https:\/\/schema.org\",\"@graph\":[{\"@type\":\"WebPage\",\"@id\":\"https:\/\/floristayohany.com\/product\/buque-com-100-pe-de-rosas\/\",\"url\":\"https:\/\/floristayohany.com\/product\/buque-com-100-pe-de-rosas\/\",\"name\":\"Buqu\u00ea com 100 p\u00e9 de rosas\",\"isPartOf\":{\"@id\":\"https:\/\/floristayohany.com\/#website\"},\"primaryImageOfPage\":{\"@id\":\"https:\/\/floristayohany.com\/product\/buque-com-100-pe-de-rosas\/#primaryimage\"},\"image\":{\"@id\":\"https:\/\/floristayohany.com\/product\/buque-com-100-pe-de-rosas\/#primaryimage\"},\"thumbnailUrl\":\"https:\/\/floristayohany.com\/wp-content\/uploads\/2026\/01\/boque-rosa-vermelhas-01.png\",\"datePublished\":\"2026-01-30T20:05:34+00:00\",\"dateModified\":\"2026-01-30T21:46:47+00:00\",\"description\":\"Buqu\u00ea com 100 p\u00e9s de rosas naturais, cuidadosamente selecionadas e organizadas para criar um arranjo exuberante, elegante e de grande impacto visual.\",\"breadcrumb\":{\"@id\":\"https:\/\/floristayohany.com\/product\/buque-com-100-pe-de-rosas\/#breadcrumb\"},\"inLanguage\":\"pt-BR\",\"potentialAction\":[{\"@type\":\"ReadAction\",\"target\":[\"https:\/\/floristayohany.com\/product\/buque-com-100-pe-de-rosas\/\"]}]},{\"@type\":\"ImageObject\",\"inLanguage\":\"pt-BR\",\"@id\":\"https:\/\/floristayohany.com\/product\/buque-com-100-pe-de-rosas\/#primaryimage\",\"url\":\"https:\/\/floristayohany.com\/wp-content\/uploads\/2026\/01\/boque-rosa-vermelhas-01.png\",\"contentUrl\":\"https:\/\/floristayohany.com\/wp-content\/uploads\/2026\/01\/boque-rosa-vermelhas-01.png\",\"width\":400,\"height\":400},{\"@type\":\"BreadcrumbList\",\"@id\":\"https:\/\/floristayohany.com\/product\/buque-com-100-pe-de-rosas\/#breadcrumb\",\"itemListElement\":[{\"@type\":\"ListItem\",\"position\":1,\"name\":\"In\u00edcio\",\"item\":\"https:\/\/floristayohany.com\/\"},{\"@type\":\"ListItem\",\"position\":2,\"name\":\"Shop\",\"item\":\"https:\/\/floristayohany.com\/shop\/\"},{\"@type\":\"ListItem\",\"position\":3,\"name\":\"Buqu\u00ea com 100 p\u00e9 de rosas\"}]},{\"@type\":\"WebSite\",\"@id\":\"https:\/\/floristayohany.com\/#website\",\"url\":\"https:\/\/floristayohany.com\/\",\"name\":\"Loja Florista Yohany\",\"description\":\"Florista Yohany \u00e9 uma loja especializada na cria\u00e7\u00e3o de arranjos florais elegantes e personalizados para todas as ocasi\u00f5es\",\"publisher\":{\"@id\":\"https:\/\/floristayohany.com\/#organization\"},\"alternateName\":\"Florista Yohany\",\"potentialAction\":[{\"@type\":\"SearchAction\",\"target\":{\"@type\":\"EntryPoint\",\"urlTemplate\":\"https:\/\/floristayohany.com\/?s={search_term_string}\"},\"query-input\":{\"@type\":\"PropertyValueSpecification\",\"valueRequired\":true,\"valueName\":\"search_term_string\"}}],\"inLanguage\":\"pt-BR\"},{\"@type\":\"Organization\",\"@id\":\"https:\/\/floristayohany.com\/#organization\",\"name\":\"Loja Florista Yohany\",\"alternateName\":\"Florista Yohany\",\"url\":\"https:\/\/floristayohany.com\/\",\"logo\":{\"@type\":\"ImageObject\",\"inLanguage\":\"pt-BR\",\"@id\":\"https:\/\/floristayohany.com\/#\/schema\/logo\/image\/\",\"url\":\"https:\/\/floristayohany.com\/wp-content\/uploads\/2026\/01\/icone.png\",\"contentUrl\":\"https:\/\/floristayohany.com\/wp-content\/uploads\/2026\/01\/icone.png\",\"width\":100,\"height\":100,\"caption\":\"Loja Florista Yohany\"},\"image\":{\"@id\":\"https:\/\/floristayohany.com\/#\/schema\/logo\/image\/\"},\"sameAs\":[\"https:\/\/www.facebook.com\/share\/17sqa7yCKc\/\"]}]}<\/script>\n<!-- \/ Yoast SEO plugin. -->","yoast_head_json":{"title":"Buqu\u00ea com 100 p\u00e9 de rosas","description":"Buqu\u00ea com 100 p\u00e9s de rosas naturais, cuidadosamente selecionadas e organizadas para criar um arranjo exuberante, elegante e de grande impacto visual.","robots":{"index":"index","follow":"follow","max-snippet":"max-snippet:-1","max-image-preview":"max-image-preview:large","max-video-preview":"max-video-preview:-1"},"canonical":"https:\/\/floristayohany.com\/pt_br\/product\/buque-com-100-pe-de-rosas\/","og_locale":"pt_BR","og_type":"article","og_title":"Buqu\u00ea com 100 p\u00e9 de rosas","og_description":"Buqu\u00ea com 100 p\u00e9s de rosas naturais, cuidadosamente selecionadas e organizadas para criar um arranjo exuberante, elegante e de grande impacto visual.","og_url":"https:\/\/floristayohany.com\/pt_br\/product\/buque-com-100-pe-de-rosas\/","og_site_name":"Loja Florista Yohany","article_publisher":"https:\/\/www.facebook.com\/share\/17sqa7yCKc\/","article_modified_time":"2026-01-30T21:46:47+00:00","og_image":[{"width":400,"height":400,"url":"https:\/\/floristayohany.com\/wp-content\/uploads\/2026\/01\/boque-rosa-vermelhas-01.png","type":"image\/png"}],"twitter_card":"summary_large_image","twitter_misc":{"Est. tempo de leitura":"1 minuto"},"schema":{"@context":"https:\/\/schema.org","@graph":[{"@type":"WebPage","@id":"https:\/\/floristayohany.com\/product\/buque-com-100-pe-de-rosas\/","url":"https:\/\/floristayohany.com\/product\/buque-com-100-pe-de-rosas\/","name":"Buqu\u00ea com 100 p\u00e9 de rosas","isPartOf":{"@id":"https:\/\/floristayohany.com\/#website"},"primaryImageOfPage":{"@id":"https:\/\/floristayohany.com\/product\/buque-com-100-pe-de-rosas\/#primaryimage"},"image":{"@id":"https:\/\/floristayohany.com\/product\/buque-com-100-pe-de-rosas\/#primaryimage"},"thumbnailUrl":"https:\/\/floristayohany.com\/wp-content\/uploads\/2026\/01\/boque-rosa-vermelhas-01.png","datePublished":"2026-01-30T20:05:34+00:00","dateModified":"2026-01-30T21:46:47+00:00","description":"Buqu\u00ea com 100 p\u00e9s de rosas naturais, cuidadosamente selecionadas e organizadas para criar um arranjo exuberante, elegante e de grande impacto visual.","breadcrumb":{"@id":"https:\/\/floristayohany.com\/product\/buque-com-100-pe-de-rosas\/#breadcrumb"},"inLanguage":"pt-BR","potentialAction":[{"@type":"ReadAction","target":["https:\/\/floristayohany.com\/product\/buque-com-100-pe-de-rosas\/"]}]},{"@type":"ImageObject","inLanguage":"pt-BR","@id":"https:\/\/floristayohany.com\/product\/buque-com-100-pe-de-rosas\/#primaryimage","url":"https:\/\/floristayohany.com\/wp-content\/uploads\/2026\/01\/boque-rosa-vermelhas-01.png","contentUrl":"https:\/\/floristayohany.com\/wp-content\/uploads\/2026\/01\/boque-rosa-vermelhas-01.png","width":400,"height":400},{"@type":"BreadcrumbList","@id":"https:\/\/floristayohany.com\/product\/buque-com-100-pe-de-rosas\/#breadcrumb","itemListElement":[{"@type":"ListItem","position":1,"name":"In\u00edcio","item":"https:\/\/floristayohany.com\/"},{"@type":"ListItem","position":2,"name":"Shop","item":"https:\/\/floristayohany.com\/shop\/"},{"@type":"ListItem","position":3,"name":"Buqu\u00ea com 100 p\u00e9 de rosas"}]},{"@type":"WebSite","@id":"https:\/\/floristayohany.com\/#website","url":"https:\/\/floristayohany.com\/","name":"Loja Florista Yohany","description":"Florista Yohany \u00e9 uma loja especializada na cria\u00e7\u00e3o de arranjos florais elegantes e personalizados para todas as ocasi\u00f5es","publisher":{"@id":"https:\/\/floristayohany.com\/#organization"},"alternateName":"Florista Yohany","potentialAction":[{"@type":"SearchAction","target":{"@type":"EntryPoint","urlTemplate":"https:\/\/floristayohany.com\/?s={search_term_string}"},"query-input":{"@type":"PropertyValueSpecification","valueRequired":true,"valueName":"search_term_string"}}],"inLanguage":"pt-BR"},{"@type":"Organization","@id":"https:\/\/floristayohany.com\/#organization","name":"Loja Florista Yohany","alternateName":"Florista Yohany","url":"https:\/\/floristayohany.com\/","logo":{"@type":"ImageObject","inLanguage":"pt-BR","@id":"https:\/\/floristayohany.com\/#\/schema\/logo\/image\/","url":"https:\/\/floristayohany.com\/wp-content\/uploads\/2026\/01\/icone.png","contentUrl":"https:\/\/floristayohany.com\/wp-content\/uploads\/2026\/01\/icone.png","width":100,"height":100,"caption":"Loja Florista Yohany"},"image":{"@id":"https:\/\/floristayohany.com\/#\/schema\/logo\/image\/"},"sameAs":["https:\/\/www.facebook.com\/share\/17sqa7yCKc\/"]}]}},"_links":{"self":[{"href":"https:\/\/floristayohany.com\/pt_br\/wp-json\/wp\/v2\/product\/1747","targetHints":{"allow":["GET"]}}],"collection":[{"href":"https:\/\/floristayohany.com\/pt_br\/wp-json\/wp\/v2\/product"}],"about":[{"href":"https:\/\/floristayohany.com\/pt_br\/wp-json\/wp\/v2\/types\/product"}],"replies":[{"embeddable":true,"href":"https:\/\/floristayohany.com\/pt_br\/wp-json\/wp\/v2\/comments?post=1747"}],"wp:featuredmedia":[{"embeddable":true,"href":"https:\/\/floristayohany.com\/pt_br\/wp-json\/wp\/v2\/media\/1521"}],"wp:attachment":[{"href":"https:\/\/floristayohany.com\/pt_br\/wp-json\/wp\/v2\/media?parent=1747"}],"wp:term":[{"taxonomy":"product_brand","embeddable":true,"href":"https:\/\/floristayohany.com\/pt_br\/wp-json\/wp\/v2\/product_brand?post=1747"},{"taxonomy":"product_cat","embeddable":true,"href":"https:\/\/floristayohany.com\/pt_br\/wp-json\/wp\/v2\/product_cat?post=1747"},{"taxonomy":"product_tag","embeddable":true,"href":"https:\/\/floristayohany.com\/pt_br\/wp-json\/wp\/v2\/product_tag?post=1747"}],"curies":[{"name":"wp","href":"https:\/\/api.w.org\/{rel}","templated":true}]}}