{"id":1606,"date":"2026-01-17T10:49:37","date_gmt":"2026-01-17T10:49:37","guid":{"rendered":"https:\/\/floristayohany.com\/?post_type=product&#038;p=1606"},"modified":"2026-01-17T10:49:37","modified_gmt":"2026-01-17T10:49:37","slug":"caixa-feliz-dia","status":"publish","type":"product","link":"https:\/\/floristayohany.com\/pt_br\/product\/caixa-feliz-dia\/","title":{"rendered":"Caixa feliz dia"},"content":{"rendered":"<p>\u201cA Caixa Feliz Dia foi criada para levar alegria, carinho e boas energias logo no primeiro momento. Preparada com flores frescas cuidadosamente selecionadas e organizada em uma apresenta\u00e7\u00e3o elegante, esta caixa \u00e9 perfeita para surpreender e iluminar o dia de algu\u00e9m especial.<br data-start=\"382\" data-end=\"385\" \/>Ideal para anivers\u00e1rios, agradecimentos, surpresas ou simplesmente para desejar um dia feliz, a Caixa Feliz Dia transforma pequenos gestos em grandes emo\u00e7\u00f5es. Cada detalhe \u00e9 preparado com amor e aten\u00e7\u00e3o, garantindo um presente bonito, delicado e inesquec\u00edvel.\u201d<\/p>","protected":false},"excerpt":{"rendered":"<p>A Caixa Feliz Dia foi criada para levar alegria, carinho e boas energias logo no primeiro momento. Preparada com flores frescas cuidadosamente selecionadas e organizada em uma apresenta\u00e7\u00e3o elegante, esta caixa \u00e9 perfeita para surpreender e iluminar o dia de algu\u00e9m especial.<\/p>","protected":false},"featured_media":1607,"comment_status":"open","ping_status":"closed","template":"","meta":{"site-sidebar-layout":"default","site-content-layout":"","ast-site-content-layout":"default","site-content-style":"default","site-sidebar-style":"default","ast-global-header-display":"","ast-banner-title-visibility":"","ast-main-header-display":"","ast-hfb-above-header-display":"","ast-hfb-below-header-display":"","ast-hfb-mobile-header-display":"","site-post-title":"","ast-breadcrumbs-content":"","ast-featured-img":"","footer-sml-layout":"","ast-disable-related-posts":"","theme-transparent-header-meta":"default","adv-header-id-meta":"","stick-header-meta":"","header-above-stick-meta":"","header-main-stick-meta":"","header-below-stick-meta":"","astra-migrate-meta-layouts":"set","ast-page-background-enabled":"default","ast-page-background-meta":{"desktop":{"background-color":"var(--ast-global-color-5)","background-image":"","background-repeat":"repeat","background-position":"center center","background-size":"auto","background-attachment":"scroll","background-type":"","background-media":"","overlay-type":"","overlay-color":"","overlay-opacity":"","overlay-gradient":""},"tablet":{"background-color":"","background-image":"","background-repeat":"repeat","background-position":"center center","background-size":"auto","background-attachment":"scroll","background-type":"","background-media":"","overlay-type":"","overlay-color":"","overlay-opacity":"","overlay-gradient":""},"mobile":{"background-color":"","background-image":"","background-repeat":"repeat","background-position":"center center","background-size":"auto","background-attachment":"scroll","background-type":"","background-media":"","overlay-type":"","overlay-color":"","overlay-opacity":"","overlay-gradient":""}},"ast-content-background-meta":{"desktop":{"background-color":"var(--ast-global-color-4)","background-image":"","background-repeat":"repeat","background-position":"center center","background-size":"auto","background-attachment":"scroll","background-type":"","background-media":"","overlay-type":"","overlay-color":"","overlay-opacity":"","overlay-gradient":""},"tablet":{"background-color":"var(--ast-global-color-4)","background-image":"","background-repeat":"repeat","background-position":"center center","background-size":"auto","background-attachment":"scroll","background-type":"","background-media":"","overlay-type":"","overlay-color":"","overlay-opacity":"","overlay-gradient":""},"mobile":{"background-color":"var(--ast-global-color-4)","background-image":"","background-repeat":"repeat","background-position":"center center","background-size":"auto","background-attachment":"scroll","background-type":"","background-media":"","overlay-type":"","overlay-color":"","overlay-opacity":"","overlay-gradient":""}}},"product_brand":[],"product_cat":[29],"product_tag":[],"class_list":{"0":"post-1606","1":"product","2":"type-product","3":"status-publish","4":"has-post-thumbnail","6":"product_cat-caixa-feliz-dia","7":"desktop-align-left","8":"tablet-align-left","9":"mobile-align-left","11":"first","12":"instock","13":"shipping-taxable","14":"purchasable","15":"product-type-simple"},"yoast_head":"<!-- This site is optimized with the Yoast SEO plugin v26.9 - https:\/\/yoast.com\/product\/yoast-seo-wordpress\/ -->\n<title>Caixa feliz dia<\/title>\n<meta name=\"robots\" content=\"index, follow, max-snippet:-1, max-image-preview:large, max-video-preview:-1\" \/>\n<link rel=\"canonical\" href=\"https:\/\/floristayohany.com\/pt_br\/product\/caixa-feliz-dia\/\" \/>\n<meta property=\"og:locale\" content=\"pt_BR\" \/>\n<meta property=\"og:type\" content=\"article\" \/>\n<meta property=\"og:title\" content=\"Caixa feliz dia\" \/>\n<meta property=\"og:description\" content=\"A Caixa Feliz Dia foi criada para levar alegria, carinho e boas energias logo no primeiro momento. Preparada com flores frescas cuidadosamente selecionadas e organizada em uma apresenta\u00e7\u00e3o elegante, esta caixa \u00e9 perfeita para surpreender e iluminar o dia de algu\u00e9m especial.\" \/>\n<meta property=\"og:url\" content=\"https:\/\/floristayohany.com\/pt_br\/product\/caixa-feliz-dia\/\" \/>\n<meta property=\"og:site_name\" content=\"Loja Florista Yohany\" \/>\n<meta property=\"article:publisher\" content=\"https:\/\/www.facebook.com\/share\/17sqa7yCKc\/\" \/>\n<meta property=\"og:image\" content=\"https:\/\/floristayohany.com\/wp-content\/uploads\/2026\/01\/Caixa-feliz-dia.png\" \/>\n\t<meta property=\"og:image:width\" content=\"400\" \/>\n\t<meta property=\"og:image:height\" content=\"400\" \/>\n\t<meta property=\"og:image:type\" content=\"image\/png\" \/>\n<meta name=\"twitter:card\" content=\"summary_large_image\" \/>\n<script type=\"application\/ld+json\" class=\"yoast-schema-graph\">{\"@context\":\"https:\/\/schema.org\",\"@graph\":[{\"@type\":\"WebPage\",\"@id\":\"https:\/\/floristayohany.com\/product\/caixa-feliz-dia\/\",\"url\":\"https:\/\/floristayohany.com\/product\/caixa-feliz-dia\/\",\"name\":\"Caixa feliz dia\",\"isPartOf\":{\"@id\":\"https:\/\/floristayohany.com\/#website\"},\"primaryImageOfPage\":{\"@id\":\"https:\/\/floristayohany.com\/product\/caixa-feliz-dia\/#primaryimage\"},\"image\":{\"@id\":\"https:\/\/floristayohany.com\/product\/caixa-feliz-dia\/#primaryimage\"},\"thumbnailUrl\":\"https:\/\/floristayohany.com\/wp-content\/uploads\/2026\/01\/Caixa-feliz-dia.png\",\"datePublished\":\"2026-01-17T10:49:37+00:00\",\"breadcrumb\":{\"@id\":\"https:\/\/floristayohany.com\/product\/caixa-feliz-dia\/#breadcrumb\"},\"inLanguage\":\"pt-BR\",\"potentialAction\":[{\"@type\":\"ReadAction\",\"target\":[\"https:\/\/floristayohany.com\/product\/caixa-feliz-dia\/\"]}]},{\"@type\":\"ImageObject\",\"inLanguage\":\"pt-BR\",\"@id\":\"https:\/\/floristayohany.com\/product\/caixa-feliz-dia\/#primaryimage\",\"url\":\"https:\/\/floristayohany.com\/wp-content\/uploads\/2026\/01\/Caixa-feliz-dia.png\",\"contentUrl\":\"https:\/\/floristayohany.com\/wp-content\/uploads\/2026\/01\/Caixa-feliz-dia.png\",\"width\":400,\"height\":400},{\"@type\":\"BreadcrumbList\",\"@id\":\"https:\/\/floristayohany.com\/product\/caixa-feliz-dia\/#breadcrumb\",\"itemListElement\":[{\"@type\":\"ListItem\",\"position\":1,\"name\":\"In\u00edcio\",\"item\":\"https:\/\/floristayohany.com\/\"},{\"@type\":\"ListItem\",\"position\":2,\"name\":\"Shop\",\"item\":\"https:\/\/floristayohany.com\/shop\/\"},{\"@type\":\"ListItem\",\"position\":3,\"name\":\"Caixa feliz dia\"}]},{\"@type\":\"WebSite\",\"@id\":\"https:\/\/floristayohany.com\/#website\",\"url\":\"https:\/\/floristayohany.com\/\",\"name\":\"Loja Florista Yohany\",\"description\":\"Florista Yohany \u00e9 uma loja especializada na cria\u00e7\u00e3o de arranjos florais elegantes e personalizados para todas as ocasi\u00f5es\",\"publisher\":{\"@id\":\"https:\/\/floristayohany.com\/#organization\"},\"alternateName\":\"Florista Yohany\",\"potentialAction\":[{\"@type\":\"SearchAction\",\"target\":{\"@type\":\"EntryPoint\",\"urlTemplate\":\"https:\/\/floristayohany.com\/?s={search_term_string}\"},\"query-input\":{\"@type\":\"PropertyValueSpecification\",\"valueRequired\":true,\"valueName\":\"search_term_string\"}}],\"inLanguage\":\"pt-BR\"},{\"@type\":\"Organization\",\"@id\":\"https:\/\/floristayohany.com\/#organization\",\"name\":\"Loja Florista Yohany\",\"alternateName\":\"Florista Yohany\",\"url\":\"https:\/\/floristayohany.com\/\",\"logo\":{\"@type\":\"ImageObject\",\"inLanguage\":\"pt-BR\",\"@id\":\"https:\/\/floristayohany.com\/#\/schema\/logo\/image\/\",\"url\":\"https:\/\/floristayohany.com\/wp-content\/uploads\/2026\/01\/icone.png\",\"contentUrl\":\"https:\/\/floristayohany.com\/wp-content\/uploads\/2026\/01\/icone.png\",\"width\":100,\"height\":100,\"caption\":\"Loja Florista Yohany\"},\"image\":{\"@id\":\"https:\/\/floristayohany.com\/#\/schema\/logo\/image\/\"},\"sameAs\":[\"https:\/\/www.facebook.com\/share\/17sqa7yCKc\/\"]}]}<\/script>\n<!-- \/ Yoast SEO plugin. -->","yoast_head_json":{"title":"Caixa feliz dia","robots":{"index":"index","follow":"follow","max-snippet":"max-snippet:-1","max-image-preview":"max-image-preview:large","max-video-preview":"max-video-preview:-1"},"canonical":"https:\/\/floristayohany.com\/pt_br\/product\/caixa-feliz-dia\/","og_locale":"pt_BR","og_type":"article","og_title":"Caixa feliz dia","og_description":"A Caixa Feliz Dia foi criada para levar alegria, carinho e boas energias logo no primeiro momento. Preparada com flores frescas cuidadosamente selecionadas e organizada em uma apresenta\u00e7\u00e3o elegante, esta caixa \u00e9 perfeita para surpreender e iluminar o dia de algu\u00e9m especial.","og_url":"https:\/\/floristayohany.com\/pt_br\/product\/caixa-feliz-dia\/","og_site_name":"Loja Florista Yohany","article_publisher":"https:\/\/www.facebook.com\/share\/17sqa7yCKc\/","og_image":[{"width":400,"height":400,"url":"https:\/\/floristayohany.com\/wp-content\/uploads\/2026\/01\/Caixa-feliz-dia.png","type":"image\/png"}],"twitter_card":"summary_large_image","schema":{"@context":"https:\/\/schema.org","@graph":[{"@type":"WebPage","@id":"https:\/\/floristayohany.com\/product\/caixa-feliz-dia\/","url":"https:\/\/floristayohany.com\/product\/caixa-feliz-dia\/","name":"Caixa feliz dia","isPartOf":{"@id":"https:\/\/floristayohany.com\/#website"},"primaryImageOfPage":{"@id":"https:\/\/floristayohany.com\/product\/caixa-feliz-dia\/#primaryimage"},"image":{"@id":"https:\/\/floristayohany.com\/product\/caixa-feliz-dia\/#primaryimage"},"thumbnailUrl":"https:\/\/floristayohany.com\/wp-content\/uploads\/2026\/01\/Caixa-feliz-dia.png","datePublished":"2026-01-17T10:49:37+00:00","breadcrumb":{"@id":"https:\/\/floristayohany.com\/product\/caixa-feliz-dia\/#breadcrumb"},"inLanguage":"pt-BR","potentialAction":[{"@type":"ReadAction","target":["https:\/\/floristayohany.com\/product\/caixa-feliz-dia\/"]}]},{"@type":"ImageObject","inLanguage":"pt-BR","@id":"https:\/\/floristayohany.com\/product\/caixa-feliz-dia\/#primaryimage","url":"https:\/\/floristayohany.com\/wp-content\/uploads\/2026\/01\/Caixa-feliz-dia.png","contentUrl":"https:\/\/floristayohany.com\/wp-content\/uploads\/2026\/01\/Caixa-feliz-dia.png","width":400,"height":400},{"@type":"BreadcrumbList","@id":"https:\/\/floristayohany.com\/product\/caixa-feliz-dia\/#breadcrumb","itemListElement":[{"@type":"ListItem","position":1,"name":"In\u00edcio","item":"https:\/\/floristayohany.com\/"},{"@type":"ListItem","position":2,"name":"Shop","item":"https:\/\/floristayohany.com\/shop\/"},{"@type":"ListItem","position":3,"name":"Caixa feliz dia"}]},{"@type":"WebSite","@id":"https:\/\/floristayohany.com\/#website","url":"https:\/\/floristayohany.com\/","name":"Loja Florista Yohany","description":"Florista Yohany \u00e9 uma loja especializada na cria\u00e7\u00e3o de arranjos florais elegantes e personalizados para todas as ocasi\u00f5es","publisher":{"@id":"https:\/\/floristayohany.com\/#organization"},"alternateName":"Florista Yohany","potentialAction":[{"@type":"SearchAction","target":{"@type":"EntryPoint","urlTemplate":"https:\/\/floristayohany.com\/?s={search_term_string}"},"query-input":{"@type":"PropertyValueSpecification","valueRequired":true,"valueName":"search_term_string"}}],"inLanguage":"pt-BR"},{"@type":"Organization","@id":"https:\/\/floristayohany.com\/#organization","name":"Loja Florista Yohany","alternateName":"Florista Yohany","url":"https:\/\/floristayohany.com\/","logo":{"@type":"ImageObject","inLanguage":"pt-BR","@id":"https:\/\/floristayohany.com\/#\/schema\/logo\/image\/","url":"https:\/\/floristayohany.com\/wp-content\/uploads\/2026\/01\/icone.png","contentUrl":"https:\/\/floristayohany.com\/wp-content\/uploads\/2026\/01\/icone.png","width":100,"height":100,"caption":"Loja Florista Yohany"},"image":{"@id":"https:\/\/floristayohany.com\/#\/schema\/logo\/image\/"},"sameAs":["https:\/\/www.facebook.com\/share\/17sqa7yCKc\/"]}]}},"_links":{"self":[{"href":"https:\/\/floristayohany.com\/pt_br\/wp-json\/wp\/v2\/product\/1606","targetHints":{"allow":["GET"]}}],"collection":[{"href":"https:\/\/floristayohany.com\/pt_br\/wp-json\/wp\/v2\/product"}],"about":[{"href":"https:\/\/floristayohany.com\/pt_br\/wp-json\/wp\/v2\/types\/product"}],"replies":[{"embeddable":true,"href":"https:\/\/floristayohany.com\/pt_br\/wp-json\/wp\/v2\/comments?post=1606"}],"wp:featuredmedia":[{"embeddable":true,"href":"https:\/\/floristayohany.com\/pt_br\/wp-json\/wp\/v2\/media\/1607"}],"wp:attachment":[{"href":"https:\/\/floristayohany.com\/pt_br\/wp-json\/wp\/v2\/media?parent=1606"}],"wp:term":[{"taxonomy":"product_brand","embeddable":true,"href":"https:\/\/floristayohany.com\/pt_br\/wp-json\/wp\/v2\/product_brand?post=1606"},{"taxonomy":"product_cat","embeddable":true,"href":"https:\/\/floristayohany.com\/pt_br\/wp-json\/wp\/v2\/product_cat?post=1606"},{"taxonomy":"product_tag","embeddable":true,"href":"https:\/\/floristayohany.com\/pt_br\/wp-json\/wp\/v2\/product_tag?post=1606"}],"curies":[{"name":"wp","href":"https:\/\/api.w.org\/{rel}","templated":true}]}}