{"id":1466,"date":"2026-01-16T21:38:48","date_gmt":"2026-01-16T21:38:48","guid":{"rendered":"https:\/\/loja-ecommerce.simplificandosites.com\/?post_type=product&#038;p=1466"},"modified":"2026-01-16T21:41:12","modified_gmt":"2026-01-16T21:41:12","slug":"cestas-das-mimosas","status":"publish","type":"product","link":"https:\/\/floristayohany.com\/pt_br\/product\/cestas-das-mimosas\/","title":{"rendered":"Cestas das mimosas"},"content":{"rendered":"<p><span dir=\"auto\" style=\"vertical-align: inherit;\"><span dir=\"auto\" style=\"vertical-align: inherit;\">\u201cA Cesta das Mimosas foi criada para encantar e surpreender com delicadeza, carinho e bom gosto. Preparada com aten\u00e7\u00e3o a cada detalhe, re\u00fane flores frescas e itens especiais que tornam o presente ainda mais completo e cheio de significado. \u00c9 perfeita para demonstrar amor, gratid\u00e3o e cuidado, levando alegria a quem a recebe. <\/span><\/span><br data-start=\"434\" data-end=\"437\" \/><span dir=\"auto\" style=\"vertical-align: inherit;\"><span dir=\"auto\" style=\"vertical-align: inherit;\">Ideal para anivers\u00e1rios, dados rom\u00e2nticos, agradecimentos, comemora\u00e7\u00f5es ou simplesmente para tornar o dia de algu\u00e9m mais especial, a Cesta das Mimosas transforma pequenos gestos em grandes emo\u00e7\u00f5es. Cada cesta \u00e9 com carinho e acabamento elegante, garantindo um presente bonito, delicado e compacto.\u201d<\/span><\/span><\/p>","protected":false},"excerpt":{"rendered":"<p>A Cesta das Mimosas foi criada para encantar e surpreender com delicadeza, carinho e bom gosto. Preparada com aten\u00e7\u00e3o a cada detalhe, re\u00fane flores frescas e itens especiais que tornam o presente ainda mais completo e cheio de significado<\/p>","protected":false},"featured_media":1467,"comment_status":"closed","ping_status":"closed","template":"","meta":{"site-sidebar-layout":"default","site-content-layout":"","ast-site-content-layout":"default","site-content-style":"default","site-sidebar-style":"default","ast-global-header-display":"","ast-banner-title-visibility":"","ast-main-header-display":"","ast-hfb-above-header-display":"","ast-hfb-below-header-display":"","ast-hfb-mobile-header-display":"","site-post-title":"","ast-breadcrumbs-content":"","ast-featured-img":"","footer-sml-layout":"","ast-disable-related-posts":"","theme-transparent-header-meta":"default","adv-header-id-meta":"","stick-header-meta":"","header-above-stick-meta":"","header-main-stick-meta":"","header-below-stick-meta":"","astra-migrate-meta-layouts":"set","ast-page-background-enabled":"default","ast-page-background-meta":{"desktop":{"background-color":"var(--ast-global-color-5)","background-image":"","background-repeat":"repeat","background-position":"center center","background-size":"auto","background-attachment":"scroll","background-type":"","background-media":"","overlay-type":"","overlay-color":"","overlay-opacity":"","overlay-gradient":""},"tablet":{"background-color":"","background-image":"","background-repeat":"repeat","background-position":"center center","background-size":"auto","background-attachment":"scroll","background-type":"","background-media":"","overlay-type":"","overlay-color":"","overlay-opacity":"","overlay-gradient":""},"mobile":{"background-color":"","background-image":"","background-repeat":"repeat","background-position":"center center","background-size":"auto","background-attachment":"scroll","background-type":"","background-media":"","overlay-type":"","overlay-color":"","overlay-opacity":"","overlay-gradient":""}},"ast-content-background-meta":{"desktop":{"background-color":"var(--ast-global-color-4)","background-image":"","background-repeat":"repeat","background-position":"center center","background-size":"auto","background-attachment":"scroll","background-type":"","background-media":"","overlay-type":"","overlay-color":"","overlay-opacity":"","overlay-gradient":""},"tablet":{"background-color":"var(--ast-global-color-4)","background-image":"","background-repeat":"repeat","background-position":"center center","background-size":"auto","background-attachment":"scroll","background-type":"","background-media":"","overlay-type":"","overlay-color":"","overlay-opacity":"","overlay-gradient":""},"mobile":{"background-color":"var(--ast-global-color-4)","background-image":"","background-repeat":"repeat","background-position":"center center","background-size":"auto","background-attachment":"scroll","background-type":"","background-media":"","overlay-type":"","overlay-color":"","overlay-opacity":"","overlay-gradient":""}}},"product_brand":[],"product_cat":[28],"product_tag":[],"class_list":{"0":"post-1466","1":"product","2":"type-product","3":"status-publish","4":"has-post-thumbnail","6":"product_cat-cesta-das-mimosas","7":"desktop-align-left","8":"tablet-align-left","9":"mobile-align-left","11":"first","12":"instock","13":"shipping-taxable","14":"purchasable","15":"product-type-simple"},"yoast_head":"<!-- This site is optimized with the Yoast SEO plugin v26.9 - https:\/\/yoast.com\/product\/yoast-seo-wordpress\/ -->\n<title>Cestas das mimosas<\/title>\n<meta name=\"robots\" content=\"index, follow, max-snippet:-1, max-image-preview:large, max-video-preview:-1\" \/>\n<link rel=\"canonical\" href=\"https:\/\/floristayohany.com\/pt_br\/product\/cestas-das-mimosas\/\" \/>\n<meta property=\"og:locale\" content=\"pt_BR\" \/>\n<meta property=\"og:type\" content=\"article\" \/>\n<meta property=\"og:title\" content=\"Cestas das mimosas\" \/>\n<meta property=\"og:description\" content=\"A Cesta das Mimosas foi criada para encantar e surpreender com delicadeza, carinho e bom gosto. Preparada com aten\u00e7\u00e3o a cada detalhe, re\u00fane flores frescas e itens especiais que tornam o presente ainda mais completo e cheio de significado\" \/>\n<meta property=\"og:url\" content=\"https:\/\/floristayohany.com\/pt_br\/product\/cestas-das-mimosas\/\" \/>\n<meta property=\"og:site_name\" content=\"Loja Florista Yohany\" \/>\n<meta property=\"article:publisher\" content=\"https:\/\/www.facebook.com\/share\/17sqa7yCKc\/\" \/>\n<meta property=\"article:modified_time\" content=\"2026-01-16T21:41:12+00:00\" \/>\n<meta property=\"og:image\" content=\"https:\/\/floristayohany.com\/wp-content\/uploads\/2026\/01\/Cestas-das-mimosas.png\" \/>\n\t<meta property=\"og:image:width\" content=\"400\" \/>\n\t<meta property=\"og:image:height\" content=\"400\" \/>\n\t<meta property=\"og:image:type\" content=\"image\/png\" \/>\n<meta name=\"twitter:card\" content=\"summary_large_image\" \/>\n<meta name=\"twitter:label1\" content=\"Est. tempo de leitura\" \/>\n\t<meta name=\"twitter:data1\" content=\"1 minuto\" \/>\n<script type=\"application\/ld+json\" class=\"yoast-schema-graph\">{\"@context\":\"https:\/\/schema.org\",\"@graph\":[{\"@type\":\"WebPage\",\"@id\":\"https:\/\/floristayohany.com\/product\/cestas-das-mimosas\/\",\"url\":\"https:\/\/floristayohany.com\/product\/cestas-das-mimosas\/\",\"name\":\"Cestas das mimosas\",\"isPartOf\":{\"@id\":\"https:\/\/floristayohany.com\/#website\"},\"primaryImageOfPage\":{\"@id\":\"https:\/\/floristayohany.com\/product\/cestas-das-mimosas\/#primaryimage\"},\"image\":{\"@id\":\"https:\/\/floristayohany.com\/product\/cestas-das-mimosas\/#primaryimage\"},\"thumbnailUrl\":\"https:\/\/floristayohany.com\/wp-content\/uploads\/2026\/01\/Cestas-das-mimosas.png\",\"datePublished\":\"2026-01-16T21:38:48+00:00\",\"dateModified\":\"2026-01-16T21:41:12+00:00\",\"breadcrumb\":{\"@id\":\"https:\/\/floristayohany.com\/product\/cestas-das-mimosas\/#breadcrumb\"},\"inLanguage\":\"pt-BR\",\"potentialAction\":[{\"@type\":\"ReadAction\",\"target\":[\"https:\/\/floristayohany.com\/product\/cestas-das-mimosas\/\"]}]},{\"@type\":\"ImageObject\",\"inLanguage\":\"pt-BR\",\"@id\":\"https:\/\/floristayohany.com\/product\/cestas-das-mimosas\/#primaryimage\",\"url\":\"https:\/\/floristayohany.com\/wp-content\/uploads\/2026\/01\/Cestas-das-mimosas.png\",\"contentUrl\":\"https:\/\/floristayohany.com\/wp-content\/uploads\/2026\/01\/Cestas-das-mimosas.png\",\"width\":400,\"height\":400},{\"@type\":\"BreadcrumbList\",\"@id\":\"https:\/\/floristayohany.com\/product\/cestas-das-mimosas\/#breadcrumb\",\"itemListElement\":[{\"@type\":\"ListItem\",\"position\":1,\"name\":\"In\u00edcio\",\"item\":\"https:\/\/floristayohany.com\/\"},{\"@type\":\"ListItem\",\"position\":2,\"name\":\"Shop\",\"item\":\"https:\/\/floristayohany.com\/shop\/\"},{\"@type\":\"ListItem\",\"position\":3,\"name\":\"Cestas das mimosas\"}]},{\"@type\":\"WebSite\",\"@id\":\"https:\/\/floristayohany.com\/#website\",\"url\":\"https:\/\/floristayohany.com\/\",\"name\":\"Loja Florista Yohany\",\"description\":\"Florista Yohany \u00e9 uma loja especializada na cria\u00e7\u00e3o de arranjos florais elegantes e personalizados para todas as ocasi\u00f5es\",\"publisher\":{\"@id\":\"https:\/\/floristayohany.com\/#organization\"},\"alternateName\":\"Florista Yohany\",\"potentialAction\":[{\"@type\":\"SearchAction\",\"target\":{\"@type\":\"EntryPoint\",\"urlTemplate\":\"https:\/\/floristayohany.com\/?s={search_term_string}\"},\"query-input\":{\"@type\":\"PropertyValueSpecification\",\"valueRequired\":true,\"valueName\":\"search_term_string\"}}],\"inLanguage\":\"pt-BR\"},{\"@type\":\"Organization\",\"@id\":\"https:\/\/floristayohany.com\/#organization\",\"name\":\"Loja Florista Yohany\",\"alternateName\":\"Florista Yohany\",\"url\":\"https:\/\/floristayohany.com\/\",\"logo\":{\"@type\":\"ImageObject\",\"inLanguage\":\"pt-BR\",\"@id\":\"https:\/\/floristayohany.com\/#\/schema\/logo\/image\/\",\"url\":\"https:\/\/floristayohany.com\/wp-content\/uploads\/2026\/01\/icone.png\",\"contentUrl\":\"https:\/\/floristayohany.com\/wp-content\/uploads\/2026\/01\/icone.png\",\"width\":100,\"height\":100,\"caption\":\"Loja Florista Yohany\"},\"image\":{\"@id\":\"https:\/\/floristayohany.com\/#\/schema\/logo\/image\/\"},\"sameAs\":[\"https:\/\/www.facebook.com\/share\/17sqa7yCKc\/\"]}]}<\/script>\n<!-- \/ Yoast SEO plugin. -->","yoast_head_json":{"title":"Cestas das mimosas","robots":{"index":"index","follow":"follow","max-snippet":"max-snippet:-1","max-image-preview":"max-image-preview:large","max-video-preview":"max-video-preview:-1"},"canonical":"https:\/\/floristayohany.com\/pt_br\/product\/cestas-das-mimosas\/","og_locale":"pt_BR","og_type":"article","og_title":"Cestas das mimosas","og_description":"A Cesta das Mimosas foi criada para encantar e surpreender com delicadeza, carinho e bom gosto. Preparada com aten\u00e7\u00e3o a cada detalhe, re\u00fane flores frescas e itens especiais que tornam o presente ainda mais completo e cheio de significado","og_url":"https:\/\/floristayohany.com\/pt_br\/product\/cestas-das-mimosas\/","og_site_name":"Loja Florista Yohany","article_publisher":"https:\/\/www.facebook.com\/share\/17sqa7yCKc\/","article_modified_time":"2026-01-16T21:41:12+00:00","og_image":[{"width":400,"height":400,"url":"https:\/\/floristayohany.com\/wp-content\/uploads\/2026\/01\/Cestas-das-mimosas.png","type":"image\/png"}],"twitter_card":"summary_large_image","twitter_misc":{"Est. tempo de leitura":"1 minuto"},"schema":{"@context":"https:\/\/schema.org","@graph":[{"@type":"WebPage","@id":"https:\/\/floristayohany.com\/product\/cestas-das-mimosas\/","url":"https:\/\/floristayohany.com\/product\/cestas-das-mimosas\/","name":"Cestas das mimosas","isPartOf":{"@id":"https:\/\/floristayohany.com\/#website"},"primaryImageOfPage":{"@id":"https:\/\/floristayohany.com\/product\/cestas-das-mimosas\/#primaryimage"},"image":{"@id":"https:\/\/floristayohany.com\/product\/cestas-das-mimosas\/#primaryimage"},"thumbnailUrl":"https:\/\/floristayohany.com\/wp-content\/uploads\/2026\/01\/Cestas-das-mimosas.png","datePublished":"2026-01-16T21:38:48+00:00","dateModified":"2026-01-16T21:41:12+00:00","breadcrumb":{"@id":"https:\/\/floristayohany.com\/product\/cestas-das-mimosas\/#breadcrumb"},"inLanguage":"pt-BR","potentialAction":[{"@type":"ReadAction","target":["https:\/\/floristayohany.com\/product\/cestas-das-mimosas\/"]}]},{"@type":"ImageObject","inLanguage":"pt-BR","@id":"https:\/\/floristayohany.com\/product\/cestas-das-mimosas\/#primaryimage","url":"https:\/\/floristayohany.com\/wp-content\/uploads\/2026\/01\/Cestas-das-mimosas.png","contentUrl":"https:\/\/floristayohany.com\/wp-content\/uploads\/2026\/01\/Cestas-das-mimosas.png","width":400,"height":400},{"@type":"BreadcrumbList","@id":"https:\/\/floristayohany.com\/product\/cestas-das-mimosas\/#breadcrumb","itemListElement":[{"@type":"ListItem","position":1,"name":"In\u00edcio","item":"https:\/\/floristayohany.com\/"},{"@type":"ListItem","position":2,"name":"Shop","item":"https:\/\/floristayohany.com\/shop\/"},{"@type":"ListItem","position":3,"name":"Cestas das mimosas"}]},{"@type":"WebSite","@id":"https:\/\/floristayohany.com\/#website","url":"https:\/\/floristayohany.com\/","name":"Loja Florista Yohany","description":"Florista Yohany \u00e9 uma loja especializada na cria\u00e7\u00e3o de arranjos florais elegantes e personalizados para todas as ocasi\u00f5es","publisher":{"@id":"https:\/\/floristayohany.com\/#organization"},"alternateName":"Florista Yohany","potentialAction":[{"@type":"SearchAction","target":{"@type":"EntryPoint","urlTemplate":"https:\/\/floristayohany.com\/?s={search_term_string}"},"query-input":{"@type":"PropertyValueSpecification","valueRequired":true,"valueName":"search_term_string"}}],"inLanguage":"pt-BR"},{"@type":"Organization","@id":"https:\/\/floristayohany.com\/#organization","name":"Loja Florista Yohany","alternateName":"Florista Yohany","url":"https:\/\/floristayohany.com\/","logo":{"@type":"ImageObject","inLanguage":"pt-BR","@id":"https:\/\/floristayohany.com\/#\/schema\/logo\/image\/","url":"https:\/\/floristayohany.com\/wp-content\/uploads\/2026\/01\/icone.png","contentUrl":"https:\/\/floristayohany.com\/wp-content\/uploads\/2026\/01\/icone.png","width":100,"height":100,"caption":"Loja Florista Yohany"},"image":{"@id":"https:\/\/floristayohany.com\/#\/schema\/logo\/image\/"},"sameAs":["https:\/\/www.facebook.com\/share\/17sqa7yCKc\/"]}]}},"_links":{"self":[{"href":"https:\/\/floristayohany.com\/pt_br\/wp-json\/wp\/v2\/product\/1466","targetHints":{"allow":["GET"]}}],"collection":[{"href":"https:\/\/floristayohany.com\/pt_br\/wp-json\/wp\/v2\/product"}],"about":[{"href":"https:\/\/floristayohany.com\/pt_br\/wp-json\/wp\/v2\/types\/product"}],"replies":[{"embeddable":true,"href":"https:\/\/floristayohany.com\/pt_br\/wp-json\/wp\/v2\/comments?post=1466"}],"wp:featuredmedia":[{"embeddable":true,"href":"https:\/\/floristayohany.com\/pt_br\/wp-json\/wp\/v2\/media\/1467"}],"wp:attachment":[{"href":"https:\/\/floristayohany.com\/pt_br\/wp-json\/wp\/v2\/media?parent=1466"}],"wp:term":[{"taxonomy":"product_brand","embeddable":true,"href":"https:\/\/floristayohany.com\/pt_br\/wp-json\/wp\/v2\/product_brand?post=1466"},{"taxonomy":"product_cat","embeddable":true,"href":"https:\/\/floristayohany.com\/pt_br\/wp-json\/wp\/v2\/product_cat?post=1466"},{"taxonomy":"product_tag","embeddable":true,"href":"https:\/\/floristayohany.com\/pt_br\/wp-json\/wp\/v2\/product_tag?post=1466"}],"curies":[{"name":"wp","href":"https:\/\/api.w.org\/{rel}","templated":true}]}}